{"id":7,"date":"2020-04-15T20:16:18","date_gmt":"2020-04-15T23:16:18","guid":{"rendered":"http:\/\/rmprodutoseservicos.com.br\/loja\/?page_id=7"},"modified":"2020-05-07T17:38:02","modified_gmt":"2020-05-07T20:38:02","slug":"sobre","status":"publish","type":"page","link":"https:\/\/rmprodutoseservicos.com.br\/loja\/sobre\/","title":{"rendered":"Sobre"},"content":{"rendered":"<p>[vc_row][vc_column][vc_toggle title=&#8221;Um pouco sobre n\u00f3s&#8221; open=&#8221;true&#8221;]A RM Produtos e Servi\u00e7os \u00e9 especializada em constru\u00e7\u00f5es e reformas da funda\u00e7\u00e3o at\u00e9 as chaves.<br \/>\nA Raimundo Melo | Produtos e Servi\u00e7os, foi criada da jun\u00e7\u00e3o de duas empresas, vendo a necessidade de seus clientes, muito insatisfeitos com o servi\u00e7o do mercado, a partir disso nasce a RM Produtos e Servi\u00e7os para suprir todas a s necessidades do consumidor.<\/p>\n<p>Tendo como idealizador Raimundo Melo teve a ideia de juntar o \u00fatil ao agrad\u00e1vel com expertise nos ramos de constru\u00e7\u00e3o civil, vidra\u00e7aria e seguran\u00e7a eletr\u00f4nica.[\/vc_toggle][\/vc_column][\/vc_row][vc_row][vc_column][vc_separator][\/vc_column][\/vc_row][vc_row][vc_column][vc_cta h2=&#8221;Veja alguns servi\u00e7os da RM&#8221;][\/vc_cta][\/vc_column][\/vc_row][vc_row][vc_column width=&#8221;1\/3&#8243;][vc_text_separator title=&#8221;Vidra\u00e7aria e Serralheria&#8221;][vc_column_text css_animation=&#8221;bounceIn&#8221;]<\/p>\n<ul>\n<li>Fachadas pele de vidro<\/li>\n<li>Guarda corpos<\/li>\n<li>Box blindex e espelhos<\/li>\n<li>Corre m\u00e3o<\/li>\n<li>Inox em geral<\/li>\n<li>Estruturas de a\u00e7o<\/li>\n<li>Portas de alum\u00ednio<\/li>\n<li>Gavetas<\/li>\n<li>Port\u00f5es de alum\u00ednio e ferro<\/li>\n<li>Fachadas em ACM<\/li>\n<\/ul>\n<p>[\/vc_column_text][\/vc_column][vc_column width=&#8221;1\/3&#8243;][vc_text_separator title=&#8221;Constru\u00e7\u00e3o e reformas em geral&#8221;][vc_column_text css_animation=&#8221;bounceIn&#8221;]<\/p>\n<ul>\n<li>Contra piso<\/li>\n<li>Alvenaria<\/li>\n<li>Embolso<\/li>\n<li>Pinturas<\/li>\n<li>Coloca\u00e7\u00e3o de porcelanato<\/li>\n<li>Drywall<\/li>\n<li>Encanemantos<\/li>\n<\/ul>\n<p>[\/vc_column_text][\/vc_column][vc_column width=&#8221;1\/3&#8243;][vc_text_separator title=&#8221;Seguran\u00e7a eletr\u00f4nica&#8221;][vc_column_text css_animation=&#8221;bounceIn&#8221;]<\/p>\n<ul>\n<li>Port\u00f5es autom\u00e1ticos<\/li>\n<li>Portas autom\u00e1ticas<\/li>\n<li>Cercas el\u00e9tricas<\/li>\n<li>Controles de acesso<\/li>\n<li>Transportes de carga<\/li>\n<li>CFTV &#8211; C\u00e2meras de seguran\u00e7a<\/li>\n<li>Mudan\u00e7as e Fretes de todos os tipos<\/li>\n<\/ul>\n<p>[\/vc_column_text][\/vc_column][\/vc_row]<\/p>\n","protected":false},"excerpt":{"rendered":"<p>[vc_row][vc_column][vc_toggle title=&#8221;Um pouco sobre n\u00f3s&#8221; open=&#8221;true&#8221;]A RM Produtos e Servi\u00e7os \u00e9 especializada em constru\u00e7\u00f5es e reformas da funda\u00e7\u00e3o at\u00e9 as chaves. A Raimundo Melo | Produtos e Servi\u00e7os, foi criada da jun\u00e7\u00e3o de duas empresas, vendo a necessidade de seus clientes, muito insatisfeitos com o servi\u00e7o do mercado, a partir disso nasce a RM Produtos [&hellip;]<\/p>\n","protected":false},"author":1,"featured_media":0,"parent":0,"menu_order":0,"comment_status":"closed","ping_status":"closed","template":"","meta":{"footnotes":""},"jetpack_sharing_enabled":true,"_links":{"self":[{"href":"https:\/\/rmprodutoseservicos.com.br\/loja\/wp-json\/wp\/v2\/pages\/7"}],"collection":[{"href":"https:\/\/rmprodutoseservicos.com.br\/loja\/wp-json\/wp\/v2\/pages"}],"about":[{"href":"https:\/\/rmprodutoseservicos.com.br\/loja\/wp-json\/wp\/v2\/types\/page"}],"author":[{"embeddable":true,"href":"https:\/\/rmprodutoseservicos.com.br\/loja\/wp-json\/wp\/v2\/users\/1"}],"replies":[{"embeddable":true,"href":"https:\/\/rmprodutoseservicos.com.br\/loja\/wp-json\/wp\/v2\/comments?post=7"}],"version-history":[{"count":3,"href":"https:\/\/rmprodutoseservicos.com.br\/loja\/wp-json\/wp\/v2\/pages\/7\/revisions"}],"predecessor-version":[{"id":115,"href":"https:\/\/rmprodutoseservicos.com.br\/loja\/wp-json\/wp\/v2\/pages\/7\/revisions\/115"}],"wp:attachment":[{"href":"https:\/\/rmprodutoseservicos.com.br\/loja\/wp-json\/wp\/v2\/media?parent=7"}],"curies":[{"name":"wp","href":"https:\/\/api.w.org\/{rel}","templated":true}]}}