{"id":19,"date":"2020-04-15T20:02:10","date_gmt":"2020-04-15T23:02:10","guid":{"rendered":"http:\/\/rmprodutoseservicos.com.br\/loja\/?post_type=product&#038;p=19"},"modified":"2024-06-16T17:26:47","modified_gmt":"2024-06-16T20:26:47","slug":"porta-em-vidro-temperado-08mm-verde-150m-x-210m","status":"publish","type":"product","link":"https:\/\/rmprodutoseservicos.com.br\/loja\/produto\/porta-em-vidro-temperado-08mm-verde-150m-x-210m\/","title":{"rendered":"Porta em vidro temperado 08mm verde 1,50m x 2,10m"},"content":{"rendered":"<p><strong>OBRAS PARA FORA DO RIO DE JANEIRO, SOMENTE ACIMA DE 200M\u00b2<\/strong><\/p>\n<p>Porta em vidro temperado 08mm verde 1,50m x 2,10m<br \/>\nPre\u00e7o j\u00e1 inclui instala\u00e7\u00e3o<\/p>\n","protected":false},"excerpt":{"rendered":"<p>OBRAS PARA FORA DO RIO DE JANEIRO, SOMENTE ACIMA DE 200M\u00b2 Porta em vidro temperado 08mm verde 1,50m x 2,10m Pre\u00e7o j\u00e1 inclui instala\u00e7\u00e3o<\/p>\n","protected":false},"featured_media":20,"comment_status":"open","ping_status":"closed","template":"","meta":[],"product_cat":[16],"product_tag":[17],"jetpack_sharing_enabled":true,"_links":{"self":[{"href":"https:\/\/rmprodutoseservicos.com.br\/loja\/wp-json\/wp\/v2\/product\/19"}],"collection":[{"href":"https:\/\/rmprodutoseservicos.com.br\/loja\/wp-json\/wp\/v2\/product"}],"about":[{"href":"https:\/\/rmprodutoseservicos.com.br\/loja\/wp-json\/wp\/v2\/types\/product"}],"replies":[{"embeddable":true,"href":"https:\/\/rmprodutoseservicos.com.br\/loja\/wp-json\/wp\/v2\/comments?post=19"}],"wp:featuredmedia":[{"embeddable":true,"href":"https:\/\/rmprodutoseservicos.com.br\/loja\/wp-json\/wp\/v2\/media\/20"}],"wp:attachment":[{"href":"https:\/\/rmprodutoseservicos.com.br\/loja\/wp-json\/wp\/v2\/media?parent=19"}],"wp:term":[{"taxonomy":"product_cat","embeddable":true,"href":"https:\/\/rmprodutoseservicos.com.br\/loja\/wp-json\/wp\/v2\/product_cat?post=19"},{"taxonomy":"product_tag","embeddable":true,"href":"https:\/\/rmprodutoseservicos.com.br\/loja\/wp-json\/wp\/v2\/product_tag?post=19"}],"curies":[{"name":"wp","href":"https:\/\/api.w.org\/{rel}","templated":true}]}}